{"id":554,"date":"2021-06-07T15:43:28","date_gmt":"2021-06-07T18:43:28","guid":{"rendered":"https:\/\/www.exitomobile.com.uy\/horoscopo-uy\/?page_id=554"},"modified":"2024-06-17T14:01:20","modified_gmt":"2024-06-17T17:01:20","slug":"horoscopo-semanal-con-video","status":"publish","type":"page","link":"https:\/\/www.exitomobile.com.uy\/horoscopo-uy\/","title":{"rendered":"Home"},"content":{"rendered":"<p>[vc_section el_class=\u00bbwrapper-home\u00bb][vc_row css=\u00bb.vc_custom_1634148315525{margin-top: 0px !important;background-position: center !important;background-repeat: no-repeat !important;background-size: cover !important;}\u00bb el_class=\u00bbcard-home\u00bb][vc_column css=\u00bb.vc_custom_1634148777586{background-position: center !important;background-repeat: no-repeat !important;background-size: cover !important;}\u00bb][vc_single_image image=\u00bb1207&#8243; img_size=\u00bbfull\u00bb alignment=\u00bbcenter\u00bb css_animation=\u00bbfadeIn\u00bb el_class=\u00bbtitle-home\u00bb][\/vc_column][\/vc_row][vc_row css=\u00bb.vc_custom_1634148315525{margin-top: 0px !important;background-position: center !important;background-repeat: no-repeat !important;background-size: cover !important;}\u00bb el_class=\u00bbcard-home\u00bb][vc_column css=\u00bb.vc_custom_1634148777586{background-position: center !important;background-repeat: no-repeat !important;background-size: cover !important;}\u00bb][vc_wp_text el_id=\u00bbcard-compatibilidad\u00bb]<\/p>\r\n<div class=\"card-home-content\">\r\n<h3>Compatibilidad de los Signos<\/h3>\r\n<p><a class=\"btn btn-gradient\" href=\"https:\/\/www.exitomobile.com.uy\/horoscopo-uy\/compatibilidad-signos\/\">Ver m\u00e1s<\/a><\/p>\r\n<\/div>\r\n<p>[\/vc_wp_text][\/vc_column][\/vc_row][vc_row css=\u00bb.vc_custom_1634148315525{margin-top: 0px !important;background-position: center !important;background-repeat: no-repeat !important;background-size: cover !important;}\u00bb el_class=\u00bbcard-home\u00bb][vc_column css=\u00bb.vc_custom_1634148777586{background-position: center !important;background-repeat: no-repeat !important;background-size: cover !important;}\u00bb][vc_wp_text el_id=\u00bbcard-chino\u00bb]<\/p>\r\n<div class=\"card-home-content\">\r\n<h3>Hor\u00f3scopo Chino<\/h3>\r\n<p><a class=\"btn btn-gradient\" href=\"https:\/\/www.exitomobile.com.uy\/horoscopo-uy\/horoscopo-chino\/\">Ver m\u00e1s<\/a><\/p>\r\n<\/div>\r\n<p>[\/vc_wp_text][\/vc_column][\/vc_row][vc_row css=\u00bb.vc_custom_1634148315525{margin-top: 0px !important;background-position: center !important;background-repeat: no-repeat !important;background-size: cover !important;}\u00bb el_class=\u00bbcard-home\u00bb][vc_column css=\u00bb.vc_custom_1634148777586{background-position: center !important;background-repeat: no-repeat !important;background-size: cover !important;}\u00bb][vc_wp_text el_id=\u00bbcard-maya\u00bb]<\/p>\r\n<div class=\"card-home-content\">\r\n<h3>Hor\u00f3scopo Maya<\/h3>\r\n<p><a class=\"btn btn-gradient\" href=\"https:\/\/www.exitomobile.com.uy\/horoscopo-uy\/horoscopo-maya\/\">Ver m\u00e1s<\/a><\/p>\r\n<\/div>\r\n<p>[\/vc_wp_text][\/vc_column][\/vc_row][vc_row css=\u00bb.vc_custom_1634148315525{margin-top: 0px !important;background-position: center !important;background-repeat: no-repeat !important;background-size: cover !important;}\u00bb el_class=\u00bbcard-home\u00bb][vc_column css=\u00bb.vc_custom_1634148777586{background-position: center !important;background-repeat: no-repeat !important;background-size: cover !important;}\u00bb][vc_wp_text el_id=\u00bbcard-astrologicos\u00bb]<\/p>\r\n<div class=\"card-home-content\">\r\n<h3>Consejos Astrol\u00f3gicos<\/h3>\r\n<p><a class=\"btn btn-gradient\" href=\"https:\/\/www.exitomobile.com.uy\/horoscopo-uy\/consejos-astrologicos\/\">Ver m\u00e1s<\/a><\/p>\r\n<\/div>\r\n<p>[\/vc_wp_text][\/vc_column][\/vc_row][vc_row css=\u00bb.vc_custom_1634148315525{margin-top: 0px !important;background-position: center !important;background-repeat: no-repeat !important;background-size: cover !important;}\u00bb el_class=\u00bbcard-home\u00bb][vc_column css=\u00bb.vc_custom_1634148777586{background-position: center !important;background-repeat: no-repeat !important;background-size: cover !important;}\u00bb][vc_wp_text el_id=\u00bbconquistar\u00bb]<\/p>\r\n<div class=\"card-home-content\">\r\n<h3>Consejos para conquistar seg\u00fan el signo<\/h3>\r\n<p><a class=\"btn btn-gradient\" href=\"https:\/\/www.exitomobile.com.uy\/horoscopo-uy\/consejos-para-conquistar-segun-el-signo\/\">Ver m\u00e1s<\/a><\/p>\r\n<\/div>\r\n<p>[\/vc_wp_text][\/vc_column][\/vc_row][vc_row css=\u00bb.vc_custom_1634148315525{margin-top: 0px !important;background-position: center !important;background-repeat: no-repeat !important;background-size: cover !important;}\u00bb el_class=\u00bbcard-home\u00bb][vc_column css=\u00bb.vc_custom_1634148557939{background-position: center !important;background-repeat: no-repeat !important;background-size: cover !important;}\u00bb][vc_wp_text el_id=\u00bbhoroscopo\u00bb]<\/p>\r\n<div class=\"card-home-content\">\r\n<h3>Hor\u00f3scopo diario<\/h3>\r\n<p><a class=\"btn btn-gradient\" href=\"https:\/\/www.exitomobile.com.uy\/horoscopo-uy\/horoscopo-diario\/\">Ver m\u00e1s<\/a><\/p>\r\n<\/div>\r\n<p>[\/vc_wp_text][\/vc_column][\/vc_row][vc_row css=\u00bb.vc_custom_1634148315525{margin-top: 0px !important;background-position: center !important;background-repeat: no-repeat !important;background-size: cover !important;}\u00bb el_class=\u00bbcard-home\u00bb][vc_column css=\u00bb.vc_custom_1634148557939{background-position: center !important;background-repeat: no-repeat !important;background-size: cover !important;}\u00bb][vc_wp_text el_id=\u00bbpredicciones\u00bb]<\/p>\r\n<div class=\"card-home-content\">\r\n<h3>Consultas virtuales con nuestras Ps\u00edquicas!<\/h3>\r\n<p><a class=\"btn btn-gradient\" href=\"https:\/\/www.exitomobile.com.uy\/horoscopo-uy\/consultas-individuales\/\">Agendate y conoce tu futuro<\/a><\/p>\r\n<\/div>\r\n<p>[\/vc_wp_text][\/vc_column][\/vc_row][vc_row css=\u00bb.vc_custom_1634148315525{margin-top: 0px !important;background-position: center !important;background-repeat: no-repeat !important;background-size: cover !important;}\u00bb el_class=\u00bbcard-home\u00bb][vc_column css=\u00bb.vc_custom_1634148557939{background-position: center !important;background-repeat: no-repeat !important;background-size: cover !important;}\u00bb][vc_wp_text el_id=\u00bbrituales\u00bb]<\/p>\r\n<div class=\"card-home-content\">\r\n<h3>Rituales de amor y prosperidad<\/h3>\r\n<p><a class=\"btn btn-gradient\" href=\"https:\/\/www.exitomobile.com.uy\/horoscopo-uy\/rituales-de-amor-y-prosperidad\/\">ver m\u00e1s<\/a><\/p>\r\n<\/div>\r\n<p>[\/vc_wp_text][\/vc_column][\/vc_row][vc_row disable_element=\u00bbyes\u00bb css=\u00bb.vc_custom_1718643677276{margin-top: 0px !important;background-position: center !important;background-repeat: no-repeat !important;background-size: cover !important;}\u00bb el_class=\u00bbcard-home\u00bb][vc_column css=\u00bb.vc_custom_1634148557939{background-position: center !important;background-repeat: no-repeat !important;background-size: cover !important;}\u00bb][vc_wp_text el_id=\u00bbcarta-astral\u00bb]<\/p>\r\n<div class=\"card-home-content\">\r\n<h3>Tu Carta Astral<\/h3>\r\n<p><a class=\"btn btn-gradient\" href=\"https:\/\/www.exitomobile.com.uy\/horoscopo-uy\/tu-carta-astral\/\">ver m\u00e1s<\/a><\/p>\r\n<\/div>\r\n<p>[\/vc_wp_text][\/vc_column][\/vc_row][vc_row css=\u00bb.vc_custom_1634148315525{margin-top: 0px !important;background-position: center !important;background-repeat: no-repeat !important;background-size: cover !important;}\u00bb el_class=\u00bbcard-home\u00bb][vc_column css=\u00bb.vc_custom_1634148777586{background-position: center !important;background-repeat: no-repeat !important;background-size: cover !important;}\u00bb][vc_wp_text el_id=\u00bbpersonalizadas\u00bb]<\/p>\r\n<div class=\"card-home-content\">\r\n<h3>Predicciones personalizadas<\/h3>\r\n<p><a class=\"btn btn-gradient\" href=\"https:\/\/www.exitomobile.com.uy\/horoscopo-uy\/predicciones-personalizadas\/\">Ver m\u00e1s<\/a><\/p>\r\n<\/div>\r\n<p>[\/vc_wp_text][\/vc_column][\/vc_row][\/vc_section][vc_row][vc_column][vc_column_text]<\/p>\r\n\r\n<div class=\"wp-block-bod-modal-block bod-block-popup align-center modal-horoscopo\">\r\n<p>&nbsp;<\/p>\r\n<div class=\"bod-block-popup-overlay\" style=\"background-color: rgba(0,0,0,0);\" data-disabled-overlay-close=\"false\">\u00a0<\/div>\r\n<div class=\"bod-block-popup-wrap modal-horoscopo\" role=\"dialog\" aria-modal=\"false\" aria-labelledby=\"\" aria-describedby=\"\">\r\n<div class=\"bod-block-popup size-m\" style=\"background-color: #ffffff; border-radius: 0px;\">\r\n<div id=\"\" class=\"bod-modal-title\" style=\"background-color: #ffffff;\">\r\n<h2 style=\"color: #000000;\">\u00a0<\/h2>\r\n<\/div>\r\n<div id=\"\" class=\"bod-modal-content\" style=\"padding: 20px;\">\r\n<div class=\"wp-block-image is-style-rounded\">\r\n<figure class=\"aligncenter size-large is-resized\"><img decoding=\"async\" class=\"wp-image-417 lazyload\" data-src=\"https:\/\/www.exitomobile.com.uy\/horoscopo-uy\/wp-content\/uploads\/2021\/02\/favicon.png\" alt=\"\" width=\"100\" data-srcset=\"https:\/\/www.exitomobile.com.uy\/horoscopo-uy\/wp-content\/uploads\/2021\/02\/favicon.png 512w, https:\/\/www.exitomobile.com.uy\/horoscopo-uy\/wp-content\/uploads\/2021\/02\/favicon-300x300.png 300w, https:\/\/www.exitomobile.com.uy\/horoscopo-uy\/wp-content\/uploads\/2021\/02\/favicon-150x150.png 150w\" data-sizes=\"(max-width: 512px) 100vw, 512px\" src=\"data:image\/svg+xml;base64,PHN2ZyB3aWR0aD0iMSIgaGVpZ2h0PSIxIiB4bWxucz0iaHR0cDovL3d3dy53My5vcmcvMjAwMC9zdmciPjwvc3ZnPg==\" style=\"--smush-placeholder-width: 512px; --smush-placeholder-aspect-ratio: 512\/512;\" \/><\/figure>\r\n<\/div>\r\n\r\n\r\n\r\n<p class=\"has-black-color has-text-color\">Para a\u00f1adir esta aplicaci\u00f3n web a la pantalla de inicio, abre las opciones y pulsa <strong>A\u00f1adir a pantalla de inicio<\/strong>.<\/p>\r\n\r\n\r\n\r\n<p class=\"small has-black-color has-text-color\" style=\"font-size: 12px;\">Al men\u00fa se puede acceder pulsando el bot\u00f3n t\u00e1ctil en caso de tenerlo, o bien el \u00edcono de la parte superior derecha de la pantalla. <img decoding=\"async\" width=\"15\" height=\"15\" class=\"wp-image-433 lazyload\" style=\"--smush-placeholder-width: 15px; --smush-placeholder-aspect-ratio: 15\/15;width: 15px;\" data-src=\"https:\/\/www.exitomobile.com.uy\/horoscopo-uy\/wp-content\/uploads\/2021\/02\/elipsis.png\" alt=\"\" data-srcset=\"https:\/\/www.exitomobile.com.uy\/horoscopo-uy\/wp-content\/uploads\/2021\/02\/elipsis.png 512w, https:\/\/www.exitomobile.com.uy\/horoscopo-uy\/wp-content\/uploads\/2021\/02\/elipsis-300x300.png 300w, https:\/\/www.exitomobile.com.uy\/horoscopo-uy\/wp-content\/uploads\/2021\/02\/elipsis-150x150.png 150w\" data-sizes=\"(max-width: 15px) 100vw, 15px\" src=\"data:image\/svg+xml;base64,PHN2ZyB3aWR0aD0iMSIgaGVpZ2h0PSIxIiB4bWxucz0iaHR0cDovL3d3dy53My5vcmcvMjAwMC9zdmciPjwvc3ZnPg==\" \/><\/p>\r\n<p><\/p>\r\n<\/div>\r\n<\/div>\r\n<div class=\"bod-block-popup-closer\">\u00a0<\/div>\r\n<\/div>\r\n<\/div>\r\n<p>[\/vc_column_text][\/vc_column][\/vc_row]<\/p>","protected":false},"excerpt":{"rendered":"<p>[vc_section el_class=\u00bbwrapper-home\u00bb][vc_row css=\u00bb.vc_custom_1634148315525{margin-top: 0px !important;background-position: center !important;background-repeat: no-repeat !important;background-size: cover !important;}\u00bb el_class=\u00bbcard-home\u00bb][vc_column css=\u00bb.vc_custom_1634148777586{background-position: center !important;background-repeat: no-repeat !important;background-size: cover !important;}\u00bb][vc_single_image image=\u00bb1207&#8243; img_size=\u00bbfull\u00bb alignment=\u00bbcenter\u00bb css_animation=\u00bbfadeIn\u00bb el_class=\u00bbtitle-home\u00bb][\/vc_column][\/vc_row][vc_row css=\u00bb.vc_custom_1634148315525{margin-top: 0px !important;background-position: center !important;background-repeat: no-repeat !important;background-size: cover !important;}\u00bb el_class=\u00bbcard-home\u00bb][vc_column css=\u00bb.vc_custom_1634148777586{background-position: center !important;background-repeat: no-repeat !important;background-size: cover !important;}\u00bb][vc_wp_text el_id=\u00bbcard-compatibilidad\u00bb] Compatibilidad de los Signos Ver m\u00e1s [\/vc_wp_text][\/vc_column][\/vc_row][vc_row css=\u00bb.vc_custom_1634148315525{margin-top: 0px !important;background-position: center !important;background-repeat: no-repeat [&hellip;]<\/p>\n","protected":false},"author":1,"featured_media":0,"parent":0,"menu_order":0,"comment_status":"closed","ping_status":"open","template":"","meta":{"ocean_post_layout":"","ocean_both_sidebars_style":"","ocean_both_sidebars_content_width":0,"ocean_both_sidebars_sidebars_width":0,"ocean_sidebar":"0","ocean_second_sidebar":"0","ocean_disable_margins":"enable","ocean_add_body_class":"","ocean_shortcode_before_top_bar":"","ocean_shortcode_after_top_bar":"","ocean_shortcode_before_header":"","ocean_shortcode_after_header":"","ocean_has_shortcode":"","ocean_shortcode_after_title":"","ocean_shortcode_before_footer_widgets":"","ocean_shortcode_after_footer_widgets":"","ocean_shortcode_before_footer_bottom":"","ocean_shortcode_after_footer_bottom":"","ocean_display_top_bar":"default","ocean_display_header":"default","ocean_header_style":"","ocean_center_header_left_menu":"0","ocean_custom_header_template":"0","ocean_custom_logo":0,"ocean_custom_retina_logo":0,"ocean_custom_logo_max_width":0,"ocean_custom_logo_tablet_max_width":0,"ocean_custom_logo_mobile_max_width":0,"ocean_custom_logo_max_height":0,"ocean_custom_logo_tablet_max_height":0,"ocean_custom_logo_mobile_max_height":0,"ocean_header_custom_menu":"0","ocean_menu_typo_font_family":"0","ocean_menu_typo_font_subset":"","ocean_menu_typo_font_size":0,"ocean_menu_typo_font_size_tablet":0,"ocean_menu_typo_font_size_mobile":0,"ocean_menu_typo_font_size_unit":"px","ocean_menu_typo_font_weight":"","ocean_menu_typo_font_weight_tablet":"","ocean_menu_typo_font_weight_mobile":"","ocean_menu_typo_transform":"","ocean_menu_typo_transform_tablet":"","ocean_menu_typo_transform_mobile":"","ocean_menu_typo_line_height":0,"ocean_menu_typo_line_height_tablet":0,"ocean_menu_typo_line_height_mobile":0,"ocean_menu_typo_line_height_unit":"","ocean_menu_typo_spacing":0,"ocean_menu_typo_spacing_tablet":0,"ocean_menu_typo_spacing_mobile":0,"ocean_menu_typo_spacing_unit":"","ocean_menu_link_color":"","ocean_menu_link_color_hover":"","ocean_menu_link_color_active":"","ocean_menu_link_background":"","ocean_menu_link_hover_background":"","ocean_menu_link_active_background":"","ocean_menu_social_links_bg":"","ocean_menu_social_hover_links_bg":"","ocean_menu_social_links_color":"","ocean_menu_social_hover_links_color":"","ocean_disable_title":"default","ocean_disable_heading":"default","ocean_post_title":"","ocean_post_subheading":"","ocean_post_title_style":"","ocean_post_title_background_color":"","ocean_post_title_background":0,"ocean_post_title_bg_image_position":"","ocean_post_title_bg_image_attachment":"","ocean_post_title_bg_image_repeat":"","ocean_post_title_bg_image_size":"","ocean_post_title_height":0,"ocean_post_title_bg_overlay":0.5,"ocean_post_title_bg_overlay_color":"","ocean_disable_breadcrumbs":"default","ocean_breadcrumbs_color":"","ocean_breadcrumbs_separator_color":"","ocean_breadcrumbs_links_color":"","ocean_breadcrumbs_links_hover_color":"","ocean_display_footer_widgets":"default","ocean_display_footer_bottom":"default","ocean_custom_footer_template":"0","footnotes":""},"class_list":["post-554","page","type-page","status-publish","hentry","entry"],"ams_acf":[],"_links":{"self":[{"href":"https:\/\/www.exitomobile.com.uy\/horoscopo-uy\/wp-json\/wp\/v2\/pages\/554","targetHints":{"allow":["GET"]}}],"collection":[{"href":"https:\/\/www.exitomobile.com.uy\/horoscopo-uy\/wp-json\/wp\/v2\/pages"}],"about":[{"href":"https:\/\/www.exitomobile.com.uy\/horoscopo-uy\/wp-json\/wp\/v2\/types\/page"}],"author":[{"embeddable":true,"href":"https:\/\/www.exitomobile.com.uy\/horoscopo-uy\/wp-json\/wp\/v2\/users\/1"}],"replies":[{"embeddable":true,"href":"https:\/\/www.exitomobile.com.uy\/horoscopo-uy\/wp-json\/wp\/v2\/comments?post=554"}],"version-history":[{"count":1,"href":"https:\/\/www.exitomobile.com.uy\/horoscopo-uy\/wp-json\/wp\/v2\/pages\/554\/revisions"}],"predecessor-version":[{"id":1779,"href":"https:\/\/www.exitomobile.com.uy\/horoscopo-uy\/wp-json\/wp\/v2\/pages\/554\/revisions\/1779"}],"wp:attachment":[{"href":"https:\/\/www.exitomobile.com.uy\/horoscopo-uy\/wp-json\/wp\/v2\/media?parent=554"}],"curies":[{"name":"wp","href":"https:\/\/api.w.org\/{rel}","templated":true}]}}