{"id":243,"date":"2020-10-18T23:58:40","date_gmt":"2020-10-19T02:58:40","guid":{"rendered":"https:\/\/www.exitomobile.com.uy\/horoscopo-uy\/?page_id=243"},"modified":"2021-08-02T09:22:22","modified_gmt":"2021-08-02T12:22:22","slug":"predicciones-personalizadas","status":"publish","type":"page","link":"https:\/\/www.exitomobile.com.uy\/horoscopo-uy\/predicciones-personalizadas\/","title":{"rendered":"Predicciones personalizadas"},"content":{"rendered":"<p>[vc_section full_height=\u00bbyes\u00bb el_class=\u00bbmain-content\u00bb css=\u00bb.vc_custom_1603055923300{background-position: center !important;background-repeat: no-repeat !important;background-size: cover !important;}\u00bb][vc_row full_width=\u00bbstretch_row\u00bb content_placement=\u00bbmiddle\u00bb css=\u00bb.vc_custom_1603058020597{background-position: center !important;background-repeat: no-repeat !important;background-size: cover !important;}\u00bb el_class=\u00bbwrapper-rituales\u00bb][vc_column][vc_column_text el_class=\u00bbinternal-title-sign\u00bb]<\/p>\n<div class=\"internal-title-sign\">\n<h3 style=\"text-align: center;\">Predicciones personalizadas<\/h3>\n<\/div>\n<p>[\/vc_column_text][vc_column_text el_id=\u00bbwrapper-form-predicciones\u00bb]<div class=\"wpforms-container wpforms-container-full webinar-mensual\" id=\"wpforms-247\"><form id=\"wpforms-form-247\" class=\"wpforms-validate wpforms-form wpforms-ajax-form\" data-formid=\"247\" method=\"post\" enctype=\"multipart\/form-data\" action=\"\/horoscopo-uy\/wp-json\/wp\/v2\/pages\/243\" data-token=\"5c310f138d461fb73fa7ce5f818bc145\" data-token-time=\"1775410294\"><noscript class=\"wpforms-error-noscript\">Please enable JavaScript in your browser to complete this form.<\/noscript><div class=\"wpforms-field-container\"><div id=\"wpforms-247-field_0-container\" class=\"wpforms-field wpforms-field-name\" data-field-id=\"0\"><label class=\"wpforms-field-label\" for=\"wpforms-247-field_0\">Nombre<\/label><input type=\"text\" id=\"wpforms-247-field_0\" class=\"wpforms-field-large\" name=\"wpforms[fields][0]\" ><\/div><div id=\"wpforms-247-field_6-container\" class=\"wpforms-field wpforms-field-number\" data-field-id=\"6\"><label class=\"wpforms-field-label\" for=\"wpforms-247-field_6\">Edad<\/label><input type=\"number\" id=\"wpforms-247-field_6\" class=\"wpforms-field-large\" name=\"wpforms[fields][6]\" step=\"any\" ><\/div><div id=\"wpforms-247-field_8-container\" class=\"wpforms-field wpforms-field-select wpforms-field-select-style-modern\" data-field-id=\"8\"><label class=\"wpforms-field-label\" for=\"wpforms-247-field_8\">Situaci\u00f3n sentimental<\/label><select id=\"wpforms-247-field_8\" class=\"wpforms-field-large choicesjs-select\" data-size-class=\"wpforms-field-row wpforms-field-large\" data-search-enabled=\"\" name=\"wpforms[fields][8]\"><option value=\"\" class=\"placeholder\" disabled  selected='selected'>Seleccionar<\/option><option value=\"Soltero\"  class=\"choice-1 depth-1\"  >Soltero<\/option><option value=\"En pareja\"  class=\"choice-2 depth-1\"  >En pareja<\/option><option value=\"Pareja no estable\"  class=\"choice-3 depth-1\"  >Pareja no estable<\/option><\/select><\/div><\/div><!-- .wpforms-field-container --><div class=\"wpforms-submit-container\" ><input type=\"hidden\" name=\"wpforms[id]\" value=\"247\"><input type=\"hidden\" name=\"page_title\" value=\"\"><input type=\"hidden\" name=\"page_url\" value=\"https:\/\/www.exitomobile.com.uy\/horoscopo-uy\/wp-json\/wp\/v2\/pages\/243\"><input type=\"hidden\" name=\"url_referer\" value=\"\"><button type=\"submit\" name=\"wpforms[submit]\" id=\"wpforms-submit-247\" class=\"wpforms-submit enviar-consulta\" data-alt-text=\"Enviando...\" data-submit-text=\"Consultar\" aria-live=\"assertive\" value=\"wpforms-submit\">Consultar<\/button><img decoding=\"async\" data-src=\"https:\/\/www.exitomobile.com.uy\/horoscopo-uy\/wp-content\/plugins\/wpforms-lite\/assets\/images\/submit-spin.svg\" class=\"wpforms-submit-spinner lazyload\" style=\"--smush-placeholder-width: 26px; --smush-placeholder-aspect-ratio: 26\/26;display: none;\" width=\"26\" height=\"26\" alt=\"Loading\" src=\"data:image\/svg+xml;base64,PHN2ZyB3aWR0aD0iMSIgaGVpZ2h0PSIxIiB4bWxucz0iaHR0cDovL3d3dy53My5vcmcvMjAwMC9zdmciPjwvc3ZnPg==\"><\/div><\/form><\/div>  <!-- .wpforms-container -->[\/vc_column_text][\/vc_column][\/vc_row][vc_row el_class=\u00bbpredicciones\u00bb][vc_column][vc_column_text]<\/p>\n<h3>Tus predicciones<\/h3>\n<h4>Amor<\/h4>\n<p>Si tienes una relaci\u00f3n y no quieres tener problemas es mejor que pases algo m\u00e1s tiempo con \u00e9l o con ella. Si eres libre, \u00a1estupendo! A poco que pongas de tu parte seguro que alg\u00fan pretendiente aparece este mes. De hecho, el problema puede venir m\u00e1s por el exceso y la dispersi\u00f3n, pues es f\u00e1cil que te veas ante m\u00e1s de una y m\u00e1s de dos opciones de pareja. Te sentir\u00e1s llena de entusiasmo y positividad y es importante que medites y controles lo que haces y las decisiones que vas a tomar, pues no ser\u00e1 raro pecar de exceso de optimismo, precipitarse o lanzarse sin mirar y sin frenos cuando tendr\u00edas que tener algo m\u00e1s de cuidado.<\/p>\n<h4>Profesi\u00f3n<\/h4>\n<p>Podr\u00e1s aprovechar toda la intensidad de tus conocimientos y de tu experiencia de vida. Y si adem\u00e1s lo aderezas con simpat\u00eda y jovialidad estar\u00e1 todo encauzado de la mejor manera para poder lanzarte de lleno a tus proyectos y a todo lo que necesites realizar en este d\u00eda que es tan motivador, tan pr\u00f3spero y tan especial para ti. Tus proyectos ser\u00e1n especiales y productivos. Ya que contar\u00e1s con un sentido interno que te ayudar\u00e1 en todo lo que necesites organizar en tus pr\u00f3ximas actividades. Notar\u00e1s que la vida te acerca a tus metas poco a poco y eso te alegrar\u00e1 much\u00edsimo porque por fin te notar\u00e1s en armon\u00eda con todo lo que est\u00e1 cerca de ti, lo que te ayudar\u00e1 en tu evoluci\u00f3n<\/p>\n<h4>Salud<\/h4>\n<p>Pronto sentir\u00e1s molestias oculares, esto lo solucionar\u00e1s pasando menos tiempo frente a la computadora. Puedes usar las bolsas de t\u00e9 de manzanilla como compresas en tus ojos.[\/vc_column_text][\/vc_column][\/vc_row][vc_row el_class=\u00bbpredicciones\u00bb][vc_column][vc_column_text]<\/p>\n<h3>Tus predicciones II<\/h3>\n<h4>Amor<\/h4>\n<p>En aquellas relaciones ya establecidas con solidez puede que se tome alguna decisi\u00f3n seria, como vivir juntos, casaros o traer descendencia a este mundo. Ante cualquier problema o mal momento emocional tendr\u00e1s a tu familia y amigos de siempre, que estar\u00e1n ah\u00ed para ayudarte con lo que sea.<\/p>\n<h4>Profesi\u00f3n<\/h4>\n<p>Tendr\u00e1s un gran potencial y una gran facilidad para desarrollar todo lo que tienes entre manos. Adem\u00e1s te encontrar\u00e1s en un d\u00eda bastante equilibrado y muy motivador para ayudar a los dem\u00e1s. Este conjunto de cualidades te ayudar\u00e1n a conseguir lo que te propongas con menos esfuerzo que otros d\u00edas. As\u00ed que disfruta de esta jornada. El martes, es un d\u00eda en el que percibir\u00e1s de una manera intensa todo lo que est\u00e1 a t\u00fa alrededor y la atm\u00f3sfera que valoras m\u00e1s en tu entorno. Es un d\u00eda especial para poder proyectar la vida que quieres de aqu\u00ed en adelante y que te sirva adem\u00e1s para sentir m\u00e1s felicidad y m\u00e1s confianza en todo. Lo que supone un gran alivio y una gran ayuda.<\/p>\n<h4>Salud<\/h4>\n<p>No seas una persona tan sedentaria y comienza a practicar m\u00e1s ejercicio f\u00edsico. Tienes que cambiar de estilo de vida, lo cual comenzar\u00e1 de adentro hacia afuera. Evitar\u00e1s muchos problemas cardiovasculares en el futuro.[\/vc_column_text][\/vc_column][\/vc_row][vc_row el_class=\u00bbpredicciones\u00bb][vc_column][vc_column_text]<\/p>\n<h3>Tus predicciones III<\/h3>\n<h4>Amor<\/h4>\n<p>Necesitas utilizar tu gran imaginaci\u00f3n ingeniosa para conseguir que tus palabras lleguen al coraz\u00f3n de la persona amada. Sino todo se esfumar\u00e1 como la niebla en la noche.<\/p>\n<h4>Profesi\u00f3n<\/h4>\n<p>Podr\u00e1s realizar muchas acciones que precisas terminar. Y para ello solamente tienes que hacer uso de tu ingenio y de tu constancia porque son las claves para conseguir que todo fluya de la manera debida en este d\u00eda. Notar\u00e1s que es un momento afortunado porque puedes desarrollar tu labor de una manera m\u00e1s f\u00e1cil que otros d\u00edas. Tendr\u00e1s que utilizar tu percepci\u00f3n interna de manera que te ayude a controlar tus arranques, especialmente con las personas m\u00e1s cercanas y con la pareja. As\u00ed que es mejor que llegues a acuerdos y que todo lo que realices sea de manera equilibrada y m\u00e1s tranquila. Todo esto te ayudar\u00e1 a controlar tu temperamento.<\/p>\n<h4>Salud<\/h4>\n<p>Nada mejor para tratar los calambres que una caminata matutina que ayude a mejorar la circulaci\u00f3n y una buena hidrataci\u00f3n, a partir de ese momento notar\u00e1s como esas molestias cesan. Si persisten acude a tu medico para buscar otros tratamientos m\u00e1s efectivos.[\/vc_column_text][\/vc_column][\/vc_row][vc_row el_class=\u00bbpredicciones\u00bb][vc_column][vc_column_text]<\/p>\n<h5>Tus predicciones IV<\/h5>\n<h4>Amor<\/h4>\n<p>Este mes siempre suele ser bastante relevante para tus relaciones personales y para la pareja. Este a\u00f1o en concreto puedes encontrarte con circunstancias muy distintas dependiendo de cu\u00e1l sea tu situaci\u00f3n inicial. Si ya tienes una relaci\u00f3n tu compa\u00f1ero va a demandar m\u00e1s atenci\u00f3n, o se sentir\u00e1 receloso de tu \u00e9xito personal o social. De hecho, est\u00e1s en un momento muy favorable, tu vida social est\u00e1 en expansi\u00f3n, y las oportunidades de pareja pueden lloverte este mes.<\/p>\n<h4>Profesi\u00f3n<\/h4>\n<p>G\u00e1nate la confianza de tus compa\u00f1eros con tu esfuerzo. Debes ponerte las pilas y demostrarles que tu vales para este trabajo y que eres una pieza muy importante dentro de la oficina.<\/p>\n<h4>Salud<\/h4>\n<p>Tus huesos comienzan a doler, quiz\u00e1s necesites ingerir alimentos ricos en calcio y vitamina D, esto ayudar\u00e1 a fortalecerlos y alejar esas molestias que te ata\u00f1en. Si ves que no remiten acude a tu m\u00e9dico para que te recomiende un tratamiento m\u00e1s eficaz.[\/vc_column_text][\/vc_column][\/vc_row][vc_row][vc_column][vc_btn title=\u00bbVolver a consultar\u00bb style=\u00bbclassic\u00bb shape=\u00bbsquare\u00bb i_icon_fontawesome=\u00bbfas fa-sync-alt\u00bb add_icon=\u00bbtrue\u00bb el_class=\u00bbvolver-a-consultar\u00bb link=\u00bburl:https%3A%2F%2Fwww.exitomobile.com.uy%2Fhoroscopo-uy%2Fpredicciones-personalizadas%2F|title:Predicciones%20personalizadas\u00bb][\/vc_column][\/vc_row][\/vc_section]<\/p>\n","protected":false},"excerpt":{"rendered":"<p>[vc_section full_height=\u00bbyes\u00bb el_class=\u00bbmain-content\u00bb css=\u00bb.vc_custom_1603055923300{background-position: center !important;background-repeat: no-repeat !important;background-size: cover !important;}\u00bb][vc_row full_width=\u00bbstretch_row\u00bb content_placement=\u00bbmiddle\u00bb css=\u00bb.vc_custom_1603058020597{background-position: center !important;background-repeat: no-repeat !important;background-size: cover !important;}\u00bb el_class=\u00bbwrapper-rituales\u00bb][vc_column][vc_column_text el_class=\u00bbinternal-title-sign\u00bb] Predicciones personalizadas [\/vc_column_text][vc_column_text el_id=\u00bbwrapper-form-predicciones\u00bb][\/vc_column_text][\/vc_column][\/vc_row][vc_row el_class=\u00bbpredicciones\u00bb][vc_column][vc_column_text] Tus predicciones Amor Si tienes una relaci\u00f3n y no quieres tener problemas es mejor que pases algo m\u00e1s tiempo con \u00e9l o con ella. Si eres libre, \u00a1estupendo! A [&hellip;]<\/p>\n","protected":false},"author":1,"featured_media":0,"parent":0,"menu_order":0,"comment_status":"closed","ping_status":"open","template":"","meta":{"ocean_post_layout":"","ocean_both_sidebars_style":"","ocean_both_sidebars_content_width":0,"ocean_both_sidebars_sidebars_width":0,"ocean_sidebar":"0","ocean_second_sidebar":"0","ocean_disable_margins":"enable","ocean_add_body_class":"","ocean_shortcode_before_top_bar":"","ocean_shortcode_after_top_bar":"","ocean_shortcode_before_header":"","ocean_shortcode_after_header":"","ocean_has_shortcode":"","ocean_shortcode_after_title":"","ocean_shortcode_before_footer_widgets":"","ocean_shortcode_after_footer_widgets":"","ocean_shortcode_before_footer_bottom":"","ocean_shortcode_after_footer_bottom":"","ocean_display_top_bar":"default","ocean_display_header":"default","ocean_header_style":"","ocean_center_header_left_menu":"0","ocean_custom_header_template":"0","ocean_custom_logo":0,"ocean_custom_retina_logo":0,"ocean_custom_logo_max_width":0,"ocean_custom_logo_tablet_max_width":0,"ocean_custom_logo_mobile_max_width":0,"ocean_custom_logo_max_height":0,"ocean_custom_logo_tablet_max_height":0,"ocean_custom_logo_mobile_max_height":0,"ocean_header_custom_menu":"0","ocean_menu_typo_font_family":"0","ocean_menu_typo_font_subset":"","ocean_menu_typo_font_size":0,"ocean_menu_typo_font_size_tablet":0,"ocean_menu_typo_font_size_mobile":0,"ocean_menu_typo_font_size_unit":"px","ocean_menu_typo_font_weight":"","ocean_menu_typo_font_weight_tablet":"","ocean_menu_typo_font_weight_mobile":"","ocean_menu_typo_transform":"","ocean_menu_typo_transform_tablet":"","ocean_menu_typo_transform_mobile":"","ocean_menu_typo_line_height":0,"ocean_menu_typo_line_height_tablet":0,"ocean_menu_typo_line_height_mobile":0,"ocean_menu_typo_line_height_unit":"","ocean_menu_typo_spacing":0,"ocean_menu_typo_spacing_tablet":0,"ocean_menu_typo_spacing_mobile":0,"ocean_menu_typo_spacing_unit":"","ocean_menu_link_color":"","ocean_menu_link_color_hover":"","ocean_menu_link_color_active":"","ocean_menu_link_background":"","ocean_menu_link_hover_background":"","ocean_menu_link_active_background":"","ocean_menu_social_links_bg":"","ocean_menu_social_hover_links_bg":"","ocean_menu_social_links_color":"","ocean_menu_social_hover_links_color":"","ocean_disable_title":"default","ocean_disable_heading":"default","ocean_post_title":"","ocean_post_subheading":"","ocean_post_title_style":"","ocean_post_title_background_color":"","ocean_post_title_background":0,"ocean_post_title_bg_image_position":"","ocean_post_title_bg_image_attachment":"","ocean_post_title_bg_image_repeat":"","ocean_post_title_bg_image_size":"","ocean_post_title_height":0,"ocean_post_title_bg_overlay":0.5,"ocean_post_title_bg_overlay_color":"","ocean_disable_breadcrumbs":"default","ocean_breadcrumbs_color":"","ocean_breadcrumbs_separator_color":"","ocean_breadcrumbs_links_color":"","ocean_breadcrumbs_links_hover_color":"","ocean_display_footer_widgets":"default","ocean_display_footer_bottom":"default","ocean_custom_footer_template":"0","footnotes":""},"class_list":["post-243","page","type-page","status-publish","hentry","entry"],"ams_acf":[],"_links":{"self":[{"href":"https:\/\/www.exitomobile.com.uy\/horoscopo-uy\/wp-json\/wp\/v2\/pages\/243","targetHints":{"allow":["GET"]}}],"collection":[{"href":"https:\/\/www.exitomobile.com.uy\/horoscopo-uy\/wp-json\/wp\/v2\/pages"}],"about":[{"href":"https:\/\/www.exitomobile.com.uy\/horoscopo-uy\/wp-json\/wp\/v2\/types\/page"}],"author":[{"embeddable":true,"href":"https:\/\/www.exitomobile.com.uy\/horoscopo-uy\/wp-json\/wp\/v2\/users\/1"}],"replies":[{"embeddable":true,"href":"https:\/\/www.exitomobile.com.uy\/horoscopo-uy\/wp-json\/wp\/v2\/comments?post=243"}],"version-history":[{"count":0,"href":"https:\/\/www.exitomobile.com.uy\/horoscopo-uy\/wp-json\/wp\/v2\/pages\/243\/revisions"}],"wp:attachment":[{"href":"https:\/\/www.exitomobile.com.uy\/horoscopo-uy\/wp-json\/wp\/v2\/media?parent=243"}],"curies":[{"name":"wp","href":"https:\/\/api.w.org\/{rel}","templated":true}]}}