{"id":1607,"date":"2021-12-10T12:38:03","date_gmt":"2021-12-10T15:38:03","guid":{"rendered":"https:\/\/www.exitomobile.com.uy\/horoscopo-uy\/?page_id=1607"},"modified":"2021-12-10T12:38:04","modified_gmt":"2021-12-10T15:38:04","slug":"compatibilidad-signos","status":"publish","type":"page","link":"https:\/\/www.exitomobile.com.uy\/horoscopo-uy\/compatibilidad-signos\/","title":{"rendered":"Compatibilidad signos"},"content":{"rendered":"<section class=\"compatibilidad-signos horoscopo-diario\">\n<div class=\"internal-title-sign\">\n<h3 style=\"text-align: center;\">Compatibilidad de los Signos del Zod\u00edaco<\/h3>\n<\/div>\n<p>Si sientes curiosidad sobre la compatibilidad de los signos, est\u00e1s en el lugar correcto. Descubre c\u00f3mo los atributos de los signos pueden influir en la forma en que ellos se relacionan entre s\u00ed.<br \/>\nDescubre tu Compatibilidad Astral con todos los Signos del zodiaco.<br \/>\n<!--Opciones para las combinaciones de los signos--><\/p>\n<div class=\"opciones\">\n<form id=\"compatibilidades\">\n        <select id=\"signo_1\" class=\"hp_zodiac__signs\"><option value=\"aries\">Aries<\/option><option value=\"tauro\">Tauro<\/option><option value=\"geminis\">G\u00e9minis<\/option><option value=\"cancer\">C\u00e1ncer<\/option><option value=\"leo\">Leo<\/option><option value=\"virgo\">Virgo<\/option><option value=\"libra\">Libra<\/option><option value=\"escorpio\">Escorpio<\/option><option value=\"sagitario\">Sagitario<\/option><option value=\"capricornio\">Capricornio<\/option><option value=\"acuario\">Acuario<\/option><option value=\"piscis\">Piscis<\/option><\/select><\/p>\n<p><select id=\"signo_2\" class=\"hp_zodiac__signs\"><option value=\"aries\">Aries<\/option><option value=\"tauro\">Tauro<\/option><option value=\"geminis\">G\u00e9minis<\/option><option value=\"cancer\">C\u00e1ncer<\/option><option value=\"leo\">Leo<\/option><option value=\"virgo\">Virgo<\/option><option value=\"libra\">Libra<\/option><option value=\"escorpio\">Escorpio<\/option><option value=\"sagitario\">Sagitario<\/option><option value=\"capricornio\">Capricornio<\/option><option value=\"acuario\">Acuario<\/option><option value=\"piscis\">Piscis<\/option><\/select><\/p>\n<p><button type=\"button\" id=\"btn-calculate\" class=\"btn-gradient\">Calcular<\/button><br \/>\n<\/form>\n<\/div>\n<div class=\"modal fade\" tabindex=\"-1\" id=\"horoscopo-modal\">\n<div class=\"modal-dialog\">\n<div class=\"modal-content\">\n<div class=\"modal-body\">\n<div id=\"resultado\" class=\"mt-5\">\n<h5>\nCompatibilidad de los Signos <span id=\"result-sign-1\"><\/span> y <span id=\"result-sign-2\"><\/span><\/h5>\n<h6><\/h6>\n<div class=\"percent\">\n<h4 id=\"percent-sign\"><\/h4>\n<\/div>\n<\/div>\n<\/div>\n<div class=\"modal-footer\">\n  <button type=\"button\" class=\"btn btn-gradient\" data-bs-dismiss=\"modal\">Cerrar<\/button><\/div>\n<\/div>\n<\/div>\n<\/div>\n<\/section>\n","protected":false},"excerpt":{"rendered":"<p>Compatibilidad de los Signos del Zod\u00edaco Si sientes curiosidad sobre la compatibilidad de los signos, est\u00e1s en el lugar correcto. Descubre c\u00f3mo los atributos de los signos pueden influir en la forma en que ellos se relacionan entre s\u00ed. Descubre tu Compatibilidad Astral con todos los Signos del zodiaco. AriesTauroG\u00e9minisC\u00e1ncerLeoVirgoLibraEscorpioSagitarioCapricornioAcuarioPiscis AriesTauroG\u00e9minisC\u00e1ncerLeoVirgoLibraEscorpioSagitarioCapricornioAcuarioPiscis Calcular Compatibilidad de los [&hellip;]<\/p>\n","protected":false},"author":1,"featured_media":0,"parent":0,"menu_order":0,"comment_status":"closed","ping_status":"closed","template":"","meta":{"ocean_post_layout":"","ocean_both_sidebars_style":"","ocean_both_sidebars_content_width":0,"ocean_both_sidebars_sidebars_width":0,"ocean_sidebar":"0","ocean_second_sidebar":"0","ocean_disable_margins":"enable","ocean_add_body_class":"","ocean_shortcode_before_top_bar":"","ocean_shortcode_after_top_bar":"","ocean_shortcode_before_header":"","ocean_shortcode_after_header":"","ocean_has_shortcode":"","ocean_shortcode_after_title":"","ocean_shortcode_before_footer_widgets":"","ocean_shortcode_after_footer_widgets":"","ocean_shortcode_before_footer_bottom":"","ocean_shortcode_after_footer_bottom":"","ocean_display_top_bar":"default","ocean_display_header":"default","ocean_header_style":"","ocean_center_header_left_menu":"0","ocean_custom_header_template":"0","ocean_custom_logo":0,"ocean_custom_retina_logo":0,"ocean_custom_logo_max_width":0,"ocean_custom_logo_tablet_max_width":0,"ocean_custom_logo_mobile_max_width":0,"ocean_custom_logo_max_height":0,"ocean_custom_logo_tablet_max_height":0,"ocean_custom_logo_mobile_max_height":0,"ocean_header_custom_menu":"0","ocean_menu_typo_font_family":"0","ocean_menu_typo_font_subset":"","ocean_menu_typo_font_size":0,"ocean_menu_typo_font_size_tablet":0,"ocean_menu_typo_font_size_mobile":0,"ocean_menu_typo_font_size_unit":"px","ocean_menu_typo_font_weight":"","ocean_menu_typo_font_weight_tablet":"","ocean_menu_typo_font_weight_mobile":"","ocean_menu_typo_transform":"","ocean_menu_typo_transform_tablet":"","ocean_menu_typo_transform_mobile":"","ocean_menu_typo_line_height":0,"ocean_menu_typo_line_height_tablet":0,"ocean_menu_typo_line_height_mobile":0,"ocean_menu_typo_line_height_unit":"","ocean_menu_typo_spacing":0,"ocean_menu_typo_spacing_tablet":0,"ocean_menu_typo_spacing_mobile":0,"ocean_menu_typo_spacing_unit":"","ocean_menu_link_color":"","ocean_menu_link_color_hover":"","ocean_menu_link_color_active":"","ocean_menu_link_background":"","ocean_menu_link_hover_background":"","ocean_menu_link_active_background":"","ocean_menu_social_links_bg":"","ocean_menu_social_hover_links_bg":"","ocean_menu_social_links_color":"","ocean_menu_social_hover_links_color":"","ocean_disable_title":"default","ocean_disable_heading":"default","ocean_post_title":"","ocean_post_subheading":"","ocean_post_title_style":"","ocean_post_title_background_color":"","ocean_post_title_background":0,"ocean_post_title_bg_image_position":"","ocean_post_title_bg_image_attachment":"","ocean_post_title_bg_image_repeat":"","ocean_post_title_bg_image_size":"","ocean_post_title_height":0,"ocean_post_title_bg_overlay":0.5,"ocean_post_title_bg_overlay_color":"","ocean_disable_breadcrumbs":"default","ocean_breadcrumbs_color":"","ocean_breadcrumbs_separator_color":"","ocean_breadcrumbs_links_color":"","ocean_breadcrumbs_links_hover_color":"","ocean_display_footer_widgets":"default","ocean_display_footer_bottom":"default","ocean_custom_footer_template":"0","footnotes":""},"class_list":["post-1607","page","type-page","status-publish","hentry","entry"],"ams_acf":[],"_links":{"self":[{"href":"https:\/\/www.exitomobile.com.uy\/horoscopo-uy\/wp-json\/wp\/v2\/pages\/1607","targetHints":{"allow":["GET"]}}],"collection":[{"href":"https:\/\/www.exitomobile.com.uy\/horoscopo-uy\/wp-json\/wp\/v2\/pages"}],"about":[{"href":"https:\/\/www.exitomobile.com.uy\/horoscopo-uy\/wp-json\/wp\/v2\/types\/page"}],"author":[{"embeddable":true,"href":"https:\/\/www.exitomobile.com.uy\/horoscopo-uy\/wp-json\/wp\/v2\/users\/1"}],"replies":[{"embeddable":true,"href":"https:\/\/www.exitomobile.com.uy\/horoscopo-uy\/wp-json\/wp\/v2\/comments?post=1607"}],"version-history":[{"count":0,"href":"https:\/\/www.exitomobile.com.uy\/horoscopo-uy\/wp-json\/wp\/v2\/pages\/1607\/revisions"}],"wp:attachment":[{"href":"https:\/\/www.exitomobile.com.uy\/horoscopo-uy\/wp-json\/wp\/v2\/media?parent=1607"}],"curies":[{"name":"wp","href":"https:\/\/api.w.org\/{rel}","templated":true}]}}