{"id":143,"date":"2020-10-18T18:25:47","date_gmt":"2020-10-18T21:25:47","guid":{"rendered":"https:\/\/www.exitomobile.com.uy\/horoscopo-uy\/?page_id=143"},"modified":"2021-11-29T14:27:49","modified_gmt":"2021-11-29T17:27:49","slug":"consejos-geminis","status":"publish","type":"page","link":"https:\/\/www.exitomobile.com.uy\/horoscopo-uy\/consejos-geminis\/","title":{"rendered":"consejos geminis"},"content":{"rendered":"<p>[vc_section full_height=\u00bbyes\u00bb el_class=\u00bbmain-content\u00bb css=\u00bb.vc_custom_1603055923300{background-position: center !important;background-repeat: no-repeat !important;background-size: cover !important;}\u00bb][vc_row full_width=\u00bbstretch_row\u00bb content_placement=\u00bbmiddle\u00bb css=\u00bb.vc_custom_1602818702129{background-position: center !important;background-repeat: no-repeat !important;background-size: cover !important;}\u00bb][vc_column][vc_single_image image=\u00bb89&#8243; img_size=\u00bbfull\u00bb alignment=\u00bbcenter\u00bb onclick=\u00bbcustom_link\u00bb css_animation=\u00bbfadeIn\u00bb el_class=\u00bbsign-internal\u00bb][vc_column_text el_class=\u00bbinternal-title-sign\u00bb]<\/p>\n<h3 style=\"text-align: center;\">Consejos para<br \/>\nG\u00e9minis<\/h3>\n<p>[\/vc_column_text][vc_column_text el_class=\u00bbbox-consejos\u00bb]G\u00e9minis. A simple vista puede parecer que G\u00e9minis va por la vida como si fuera una hoja andando en el viento. Tiene una forma peculiar de aparentar que todo est\u00e1 bien, porque lo que m\u00e1s detesta es que lo vean como si fuera un signo d\u00e9bil. Sin embargo, internamente tiene una lucha de emociones, porque se preocupa demasiado por la gente a su alrededor. Lo que le estresa es descubrir que hay mucha gente que dice estar de su lado, pero en los momentos m\u00e1s complicados de su vida desaparecen. Es muy desgastante abrir los ojos en ese sentido, porque una parte de G\u00e9minis quiere que cambien, cuando en el fondo sabe que no puede ser y le cuesta aceptar que siente aprecio por una persona t\u00f3xica, que lo \u00fanico que le provoca es da\u00f1o. Por tu salud ya es tiempo de que le digas adi\u00f3s.<span class=\"Apple-converted-space\">\u00a0<\/span>[\/vc_column_text][\/vc_column][\/vc_row][\/vc_section]<\/p>\n","protected":false},"excerpt":{"rendered":"<p>[vc_section full_height=\u00bbyes\u00bb el_class=\u00bbmain-content\u00bb css=\u00bb.vc_custom_1603055923300{background-position: center !important;background-repeat: no-repeat !important;background-size: cover !important;}\u00bb][vc_row full_width=\u00bbstretch_row\u00bb content_placement=\u00bbmiddle\u00bb css=\u00bb.vc_custom_1602818702129{background-position: center !important;background-repeat: no-repeat !important;background-size: cover !important;}\u00bb][vc_column][vc_single_image image=\u00bb89&#8243; img_size=\u00bbfull\u00bb alignment=\u00bbcenter\u00bb onclick=\u00bbcustom_link\u00bb css_animation=\u00bbfadeIn\u00bb el_class=\u00bbsign-internal\u00bb][vc_column_text el_class=\u00bbinternal-title-sign\u00bb] Consejos para G\u00e9minis [\/vc_column_text][vc_column_text el_class=\u00bbbox-consejos\u00bb]G\u00e9minis. A simple vista puede parecer que G\u00e9minis va por la vida como si fuera una hoja andando en el viento. Tiene una forma peculiar [&hellip;]<\/p>\n","protected":false},"author":1,"featured_media":0,"parent":0,"menu_order":0,"comment_status":"closed","ping_status":"open","template":"","meta":{"ocean_post_layout":"","ocean_both_sidebars_style":"","ocean_both_sidebars_content_width":0,"ocean_both_sidebars_sidebars_width":0,"ocean_sidebar":"0","ocean_second_sidebar":"0","ocean_disable_margins":"enable","ocean_add_body_class":"","ocean_shortcode_before_top_bar":"","ocean_shortcode_after_top_bar":"","ocean_shortcode_before_header":"","ocean_shortcode_after_header":"","ocean_has_shortcode":"","ocean_shortcode_after_title":"","ocean_shortcode_before_footer_widgets":"","ocean_shortcode_after_footer_widgets":"","ocean_shortcode_before_footer_bottom":"","ocean_shortcode_after_footer_bottom":"","ocean_display_top_bar":"default","ocean_display_header":"default","ocean_header_style":"","ocean_center_header_left_menu":"0","ocean_custom_header_template":"0","ocean_custom_logo":0,"ocean_custom_retina_logo":0,"ocean_custom_logo_max_width":0,"ocean_custom_logo_tablet_max_width":0,"ocean_custom_logo_mobile_max_width":0,"ocean_custom_logo_max_height":0,"ocean_custom_logo_tablet_max_height":0,"ocean_custom_logo_mobile_max_height":0,"ocean_header_custom_menu":"0","ocean_menu_typo_font_family":"0","ocean_menu_typo_font_subset":"","ocean_menu_typo_font_size":0,"ocean_menu_typo_font_size_tablet":0,"ocean_menu_typo_font_size_mobile":0,"ocean_menu_typo_font_size_unit":"px","ocean_menu_typo_font_weight":"","ocean_menu_typo_font_weight_tablet":"","ocean_menu_typo_font_weight_mobile":"","ocean_menu_typo_transform":"","ocean_menu_typo_transform_tablet":"","ocean_menu_typo_transform_mobile":"","ocean_menu_typo_line_height":0,"ocean_menu_typo_line_height_tablet":0,"ocean_menu_typo_line_height_mobile":0,"ocean_menu_typo_line_height_unit":"","ocean_menu_typo_spacing":0,"ocean_menu_typo_spacing_tablet":0,"ocean_menu_typo_spacing_mobile":0,"ocean_menu_typo_spacing_unit":"","ocean_menu_link_color":"","ocean_menu_link_color_hover":"","ocean_menu_link_color_active":"","ocean_menu_link_background":"","ocean_menu_link_hover_background":"","ocean_menu_link_active_background":"","ocean_menu_social_links_bg":"","ocean_menu_social_hover_links_bg":"","ocean_menu_social_links_color":"","ocean_menu_social_hover_links_color":"","ocean_disable_title":"default","ocean_disable_heading":"default","ocean_post_title":"","ocean_post_subheading":"","ocean_post_title_style":"","ocean_post_title_background_color":"","ocean_post_title_background":0,"ocean_post_title_bg_image_position":"","ocean_post_title_bg_image_attachment":"","ocean_post_title_bg_image_repeat":"","ocean_post_title_bg_image_size":"","ocean_post_title_height":0,"ocean_post_title_bg_overlay":0.5,"ocean_post_title_bg_overlay_color":"","ocean_disable_breadcrumbs":"default","ocean_breadcrumbs_color":"","ocean_breadcrumbs_separator_color":"","ocean_breadcrumbs_links_color":"","ocean_breadcrumbs_links_hover_color":"","ocean_display_footer_widgets":"default","ocean_display_footer_bottom":"default","ocean_custom_footer_template":"0","footnotes":""},"class_list":["post-143","page","type-page","status-publish","hentry","entry"],"ams_acf":[],"_links":{"self":[{"href":"https:\/\/www.exitomobile.com.uy\/horoscopo-uy\/wp-json\/wp\/v2\/pages\/143","targetHints":{"allow":["GET"]}}],"collection":[{"href":"https:\/\/www.exitomobile.com.uy\/horoscopo-uy\/wp-json\/wp\/v2\/pages"}],"about":[{"href":"https:\/\/www.exitomobile.com.uy\/horoscopo-uy\/wp-json\/wp\/v2\/types\/page"}],"author":[{"embeddable":true,"href":"https:\/\/www.exitomobile.com.uy\/horoscopo-uy\/wp-json\/wp\/v2\/users\/1"}],"replies":[{"embeddable":true,"href":"https:\/\/www.exitomobile.com.uy\/horoscopo-uy\/wp-json\/wp\/v2\/comments?post=143"}],"version-history":[{"count":0,"href":"https:\/\/www.exitomobile.com.uy\/horoscopo-uy\/wp-json\/wp\/v2\/pages\/143\/revisions"}],"wp:attachment":[{"href":"https:\/\/www.exitomobile.com.uy\/horoscopo-uy\/wp-json\/wp\/v2\/media?parent=143"}],"curies":[{"name":"wp","href":"https:\/\/api.w.org\/{rel}","templated":true}]}}