{"id":1359,"date":"2021-10-29T10:05:28","date_gmt":"2021-10-29T13:05:28","guid":{"rendered":"https:\/\/www.exitomobile.com.uy\/horoscopo-uy\/?page_id=1359"},"modified":"2021-10-29T10:05:28","modified_gmt":"2021-10-29T13:05:28","slug":"maya-serpiente","status":"publish","type":"page","link":"https:\/\/www.exitomobile.com.uy\/horoscopo-uy\/maya-serpiente\/","title":{"rendered":"maya serpiente"},"content":{"rendered":"<p>[vc_section full_height=\u00bbyes\u00bb el_class=\u00bbmain-content\u00bb css=\u00bb.vc_custom_1603055857839{background-position: center !important;background-repeat: no-repeat !important;background-size: cover !important;}\u00bb][vc_row full_width=\u00bbstretch_row\u00bb content_placement=\u00bbmiddle\u00bb css=\u00bb.vc_custom_1602818702129{background-position: center !important;background-repeat: no-repeat !important;background-size: cover !important;}\u00bb][vc_column][vc_single_image image=\u00bb1348&#8243; img_size=\u00bbfull\u00bb alignment=\u00bbcenter\u00bb onclick=\u00bbcustom_link\u00bb css_animation=\u00bbfadeIn\u00bb el_class=\u00bbsign-internal sign-maya\u00bb][vc_column_text el_class=\u00bbinternal-title-sign\u00bb]<\/p>\n<h3 style=\"text-align: center;\">Serpiente<\/h3>\n<p style=\"text-align: center;\">(del 2 al 29 de mayo)<\/p>\n<p>[\/vc_column_text][vc_column_text el_class=\u00bbsign-internal-text\u00bb]Son personas consideradas muy\u00a0seductoras, elegantes y que llaman la atenci\u00f3n. Son cultos pero ambiciosos, adem\u00e1s, disfrutan de estar solos. Se concentran en trabajar arduamente, mientras que tambi\u00e9n son enamoradizos. Les agrada estar con los que son del signo del mono y los seduce la personalidad del venado.<\/p>\n<p>No obstante, tambi\u00e9n son personas consideradas en la cultura maya como vengativas y rencorosas. No es f\u00e1cil herirlas sin que se sientan atacadas y busquen devolver el mal rato.[\/vc_column_text][\/vc_column][\/vc_row][\/vc_section]<\/p>\n","protected":false},"excerpt":{"rendered":"<p>[vc_section full_height=\u00bbyes\u00bb el_class=\u00bbmain-content\u00bb css=\u00bb.vc_custom_1603055857839{background-position: center !important;background-repeat: no-repeat !important;background-size: cover !important;}\u00bb][vc_row full_width=\u00bbstretch_row\u00bb content_placement=\u00bbmiddle\u00bb css=\u00bb.vc_custom_1602818702129{background-position: center !important;background-repeat: no-repeat !important;background-size: cover !important;}\u00bb][vc_column][vc_single_image image=\u00bb1348&#8243; img_size=\u00bbfull\u00bb alignment=\u00bbcenter\u00bb onclick=\u00bbcustom_link\u00bb css_animation=\u00bbfadeIn\u00bb el_class=\u00bbsign-internal sign-maya\u00bb][vc_column_text el_class=\u00bbinternal-title-sign\u00bb] Serpiente (del 2 al 29 de mayo) [\/vc_column_text][vc_column_text el_class=\u00bbsign-internal-text\u00bb]Son personas consideradas muy\u00a0seductoras, elegantes y que llaman la atenci\u00f3n. Son cultos pero ambiciosos, adem\u00e1s, disfrutan de estar solos. Se [&hellip;]<\/p>\n","protected":false},"author":1,"featured_media":0,"parent":0,"menu_order":0,"comment_status":"closed","ping_status":"open","template":"","meta":{"ocean_post_layout":"","ocean_both_sidebars_style":"","ocean_both_sidebars_content_width":0,"ocean_both_sidebars_sidebars_width":0,"ocean_sidebar":"0","ocean_second_sidebar":"0","ocean_disable_margins":"enable","ocean_add_body_class":"","ocean_shortcode_before_top_bar":"","ocean_shortcode_after_top_bar":"","ocean_shortcode_before_header":"","ocean_shortcode_after_header":"","ocean_has_shortcode":"","ocean_shortcode_after_title":"","ocean_shortcode_before_footer_widgets":"","ocean_shortcode_after_footer_widgets":"","ocean_shortcode_before_footer_bottom":"","ocean_shortcode_after_footer_bottom":"","ocean_display_top_bar":"default","ocean_display_header":"default","ocean_header_style":"","ocean_center_header_left_menu":"0","ocean_custom_header_template":"0","ocean_custom_logo":0,"ocean_custom_retina_logo":0,"ocean_custom_logo_max_width":0,"ocean_custom_logo_tablet_max_width":0,"ocean_custom_logo_mobile_max_width":0,"ocean_custom_logo_max_height":0,"ocean_custom_logo_tablet_max_height":0,"ocean_custom_logo_mobile_max_height":0,"ocean_header_custom_menu":"0","ocean_menu_typo_font_family":"0","ocean_menu_typo_font_subset":"","ocean_menu_typo_font_size":0,"ocean_menu_typo_font_size_tablet":0,"ocean_menu_typo_font_size_mobile":0,"ocean_menu_typo_font_size_unit":"px","ocean_menu_typo_font_weight":"","ocean_menu_typo_font_weight_tablet":"","ocean_menu_typo_font_weight_mobile":"","ocean_menu_typo_transform":"","ocean_menu_typo_transform_tablet":"","ocean_menu_typo_transform_mobile":"","ocean_menu_typo_line_height":0,"ocean_menu_typo_line_height_tablet":0,"ocean_menu_typo_line_height_mobile":0,"ocean_menu_typo_line_height_unit":"","ocean_menu_typo_spacing":0,"ocean_menu_typo_spacing_tablet":0,"ocean_menu_typo_spacing_mobile":0,"ocean_menu_typo_spacing_unit":"","ocean_menu_link_color":"","ocean_menu_link_color_hover":"","ocean_menu_link_color_active":"","ocean_menu_link_background":"","ocean_menu_link_hover_background":"","ocean_menu_link_active_background":"","ocean_menu_social_links_bg":"","ocean_menu_social_hover_links_bg":"","ocean_menu_social_links_color":"","ocean_menu_social_hover_links_color":"","ocean_disable_title":"default","ocean_disable_heading":"default","ocean_post_title":"","ocean_post_subheading":"","ocean_post_title_style":"","ocean_post_title_background_color":"","ocean_post_title_background":0,"ocean_post_title_bg_image_position":"","ocean_post_title_bg_image_attachment":"","ocean_post_title_bg_image_repeat":"","ocean_post_title_bg_image_size":"","ocean_post_title_height":0,"ocean_post_title_bg_overlay":0.5,"ocean_post_title_bg_overlay_color":"","ocean_disable_breadcrumbs":"default","ocean_breadcrumbs_color":"","ocean_breadcrumbs_separator_color":"","ocean_breadcrumbs_links_color":"","ocean_breadcrumbs_links_hover_color":"","ocean_display_footer_widgets":"default","ocean_display_footer_bottom":"default","ocean_custom_footer_template":"0","footnotes":""},"class_list":["post-1359","page","type-page","status-publish","hentry","entry"],"ams_acf":[],"_links":{"self":[{"href":"https:\/\/www.exitomobile.com.uy\/horoscopo-uy\/wp-json\/wp\/v2\/pages\/1359","targetHints":{"allow":["GET"]}}],"collection":[{"href":"https:\/\/www.exitomobile.com.uy\/horoscopo-uy\/wp-json\/wp\/v2\/pages"}],"about":[{"href":"https:\/\/www.exitomobile.com.uy\/horoscopo-uy\/wp-json\/wp\/v2\/types\/page"}],"author":[{"embeddable":true,"href":"https:\/\/www.exitomobile.com.uy\/horoscopo-uy\/wp-json\/wp\/v2\/users\/1"}],"replies":[{"embeddable":true,"href":"https:\/\/www.exitomobile.com.uy\/horoscopo-uy\/wp-json\/wp\/v2\/comments?post=1359"}],"version-history":[{"count":0,"href":"https:\/\/www.exitomobile.com.uy\/horoscopo-uy\/wp-json\/wp\/v2\/pages\/1359\/revisions"}],"wp:attachment":[{"href":"https:\/\/www.exitomobile.com.uy\/horoscopo-uy\/wp-json\/wp\/v2\/media?parent=1359"}],"curies":[{"name":"wp","href":"https:\/\/api.w.org\/{rel}","templated":true}]}}