{"id":1332,"date":"2021-10-29T09:14:01","date_gmt":"2021-10-29T12:14:01","guid":{"rendered":"https:\/\/www.exitomobile.com.uy\/horoscopo-uy\/?page_id=1332"},"modified":"2021-10-29T09:14:01","modified_gmt":"2021-10-29T12:14:01","slug":"cerdo-2","status":"publish","type":"page","link":"https:\/\/www.exitomobile.com.uy\/horoscopo-uy\/cerdo-2\/","title":{"rendered":"cerdo"},"content":{"rendered":"<p>[vc_section full_height=\u00bbyes\u00bb el_class=\u00bbmain-content\u00bb css=\u00bb.vc_custom_1603055857839{background-position: center !important;background-repeat: no-repeat !important;background-size: cover !important;}\u00bb][vc_row full_width=\u00bbstretch_row\u00bb content_placement=\u00bbmiddle\u00bb css=\u00bb.vc_custom_1602818702129{background-position: center !important;background-repeat: no-repeat !important;background-size: cover !important;}\u00bb][vc_column][vc_single_image image=\u00bb1296&#8243; img_size=\u00bbfull\u00bb alignment=\u00bbcenter\u00bb onclick=\u00bbcustom_link\u00bb css_animation=\u00bbfadeIn\u00bb el_class=\u00bbsign-internal\u00bb][vc_column_text el_class=\u00bbinternal-title-sign\u00bb]<\/p>\n<h3 style=\"text-align: center;\">El Cerdo en la astrolog\u00eda China<\/h3>\n<p style=\"text-align: center;\">Son del cerdo los nacidos en los a\u00f1os 1935, 1947, 1959, 1971, 1983, 1995, 2007, 2019.<\/p>\n<p>[\/vc_column_text][vc_column_text el_class=\u00bbsign-internal-text\u00bb]Es el \u00faltimo de los animales que acudieron a la convocatoria de Buda. Para los chinos, es valiente, pac\u00edfico. S\u00edmbolo de devoci\u00f3n y dedicaci\u00f3n. Los m\u00e1s corteses y galantes del hor\u00f3scopo chino. Asombrosa tenacidad. Muestran profunda honestidad, pero reaccionan con arrebato frente a lo inesperado. Se llevan bien el signo perro. Son apasionados en el amor y no ceden hasta conseguir sus pretensiones. No congenian con serpientes ni cabras. Su vocaci\u00f3n tiene que ver con la manufactura, medicina, arquitectura, pintura, negocios, relaciones p\u00fablicas.<\/p>\n<p>Valiente, s\u00f3lido y atento. Exteriormente podr\u00e1 parecer grosero y jovial pero en el fondo es muy honesto, simple y con gran fuerza de voluntad. Dispone de mucha paciencia, se empe\u00f1a en su tarea con todas las fuerzas hasta el fin. Es querido y apreciado porque busca la armon\u00eda universal, puede tener divergencias pero jam\u00e1s lanzar\u00e1 un golpe bajo. Entabla amistades duraderas y beneficiosas. Ama todo tipo de reuniones, organizar fiestas, hacerse socio de c\u00edrculos y asociaciones de todo tipo. Tiene debilidad por los placeres mundanos.[\/vc_column_text][\/vc_column][\/vc_row][\/vc_section]<\/p>\n","protected":false},"excerpt":{"rendered":"<p>[vc_section full_height=\u00bbyes\u00bb el_class=\u00bbmain-content\u00bb css=\u00bb.vc_custom_1603055857839{background-position: center !important;background-repeat: no-repeat !important;background-size: cover !important;}\u00bb][vc_row full_width=\u00bbstretch_row\u00bb content_placement=\u00bbmiddle\u00bb css=\u00bb.vc_custom_1602818702129{background-position: center !important;background-repeat: no-repeat !important;background-size: cover !important;}\u00bb][vc_column][vc_single_image image=\u00bb1296&#8243; img_size=\u00bbfull\u00bb alignment=\u00bbcenter\u00bb onclick=\u00bbcustom_link\u00bb css_animation=\u00bbfadeIn\u00bb el_class=\u00bbsign-internal\u00bb][vc_column_text el_class=\u00bbinternal-title-sign\u00bb] El Cerdo en la astrolog\u00eda China Son del cerdo los nacidos en los a\u00f1os 1935, 1947, 1959, 1971, 1983, 1995, 2007, 2019. [\/vc_column_text][vc_column_text el_class=\u00bbsign-internal-text\u00bb]Es el \u00faltimo de los animales [&hellip;]<\/p>\n","protected":false},"author":1,"featured_media":0,"parent":0,"menu_order":0,"comment_status":"closed","ping_status":"open","template":"","meta":{"ocean_post_layout":"","ocean_both_sidebars_style":"","ocean_both_sidebars_content_width":0,"ocean_both_sidebars_sidebars_width":0,"ocean_sidebar":"0","ocean_second_sidebar":"0","ocean_disable_margins":"enable","ocean_add_body_class":"","ocean_shortcode_before_top_bar":"","ocean_shortcode_after_top_bar":"","ocean_shortcode_before_header":"","ocean_shortcode_after_header":"","ocean_has_shortcode":"","ocean_shortcode_after_title":"","ocean_shortcode_before_footer_widgets":"","ocean_shortcode_after_footer_widgets":"","ocean_shortcode_before_footer_bottom":"","ocean_shortcode_after_footer_bottom":"","ocean_display_top_bar":"default","ocean_display_header":"default","ocean_header_style":"","ocean_center_header_left_menu":"0","ocean_custom_header_template":"0","ocean_custom_logo":0,"ocean_custom_retina_logo":0,"ocean_custom_logo_max_width":0,"ocean_custom_logo_tablet_max_width":0,"ocean_custom_logo_mobile_max_width":0,"ocean_custom_logo_max_height":0,"ocean_custom_logo_tablet_max_height":0,"ocean_custom_logo_mobile_max_height":0,"ocean_header_custom_menu":"0","ocean_menu_typo_font_family":"0","ocean_menu_typo_font_subset":"","ocean_menu_typo_font_size":0,"ocean_menu_typo_font_size_tablet":0,"ocean_menu_typo_font_size_mobile":0,"ocean_menu_typo_font_size_unit":"px","ocean_menu_typo_font_weight":"","ocean_menu_typo_font_weight_tablet":"","ocean_menu_typo_font_weight_mobile":"","ocean_menu_typo_transform":"","ocean_menu_typo_transform_tablet":"","ocean_menu_typo_transform_mobile":"","ocean_menu_typo_line_height":0,"ocean_menu_typo_line_height_tablet":0,"ocean_menu_typo_line_height_mobile":0,"ocean_menu_typo_line_height_unit":"","ocean_menu_typo_spacing":0,"ocean_menu_typo_spacing_tablet":0,"ocean_menu_typo_spacing_mobile":0,"ocean_menu_typo_spacing_unit":"","ocean_menu_link_color":"","ocean_menu_link_color_hover":"","ocean_menu_link_color_active":"","ocean_menu_link_background":"","ocean_menu_link_hover_background":"","ocean_menu_link_active_background":"","ocean_menu_social_links_bg":"","ocean_menu_social_hover_links_bg":"","ocean_menu_social_links_color":"","ocean_menu_social_hover_links_color":"","ocean_disable_title":"default","ocean_disable_heading":"default","ocean_post_title":"","ocean_post_subheading":"","ocean_post_title_style":"","ocean_post_title_background_color":"","ocean_post_title_background":0,"ocean_post_title_bg_image_position":"","ocean_post_title_bg_image_attachment":"","ocean_post_title_bg_image_repeat":"","ocean_post_title_bg_image_size":"","ocean_post_title_height":0,"ocean_post_title_bg_overlay":0.5,"ocean_post_title_bg_overlay_color":"","ocean_disable_breadcrumbs":"default","ocean_breadcrumbs_color":"","ocean_breadcrumbs_separator_color":"","ocean_breadcrumbs_links_color":"","ocean_breadcrumbs_links_hover_color":"","ocean_display_footer_widgets":"default","ocean_display_footer_bottom":"default","ocean_custom_footer_template":"0","footnotes":""},"class_list":["post-1332","page","type-page","status-publish","hentry","entry"],"ams_acf":[],"_links":{"self":[{"href":"https:\/\/www.exitomobile.com.uy\/horoscopo-uy\/wp-json\/wp\/v2\/pages\/1332","targetHints":{"allow":["GET"]}}],"collection":[{"href":"https:\/\/www.exitomobile.com.uy\/horoscopo-uy\/wp-json\/wp\/v2\/pages"}],"about":[{"href":"https:\/\/www.exitomobile.com.uy\/horoscopo-uy\/wp-json\/wp\/v2\/types\/page"}],"author":[{"embeddable":true,"href":"https:\/\/www.exitomobile.com.uy\/horoscopo-uy\/wp-json\/wp\/v2\/users\/1"}],"replies":[{"embeddable":true,"href":"https:\/\/www.exitomobile.com.uy\/horoscopo-uy\/wp-json\/wp\/v2\/comments?post=1332"}],"version-history":[{"count":0,"href":"https:\/\/www.exitomobile.com.uy\/horoscopo-uy\/wp-json\/wp\/v2\/pages\/1332\/revisions"}],"wp:attachment":[{"href":"https:\/\/www.exitomobile.com.uy\/horoscopo-uy\/wp-json\/wp\/v2\/media?parent=1332"}],"curies":[{"name":"wp","href":"https:\/\/api.w.org\/{rel}","templated":true}]}}