{"id":1330,"date":"2021-10-29T09:10:35","date_gmt":"2021-10-29T12:10:35","guid":{"rendered":"https:\/\/www.exitomobile.com.uy\/horoscopo-uy\/?page_id=1330"},"modified":"2021-11-05T16:30:10","modified_gmt":"2021-11-05T19:30:10","slug":"mono-2","status":"publish","type":"page","link":"https:\/\/www.exitomobile.com.uy\/horoscopo-uy\/mono-2\/","title":{"rendered":"mono"},"content":{"rendered":"<p>[vc_section full_height=\u00bbyes\u00bb el_class=\u00bbmain-content\u00bb css=\u00bb.vc_custom_1603055857839{background-position: center !important;background-repeat: no-repeat !important;background-size: cover !important;}\u00bb][vc_row full_width=\u00bbstretch_row\u00bb content_placement=\u00bbmiddle\u00bb css=\u00bb.vc_custom_1602818702129{background-position: center !important;background-repeat: no-repeat !important;background-size: cover !important;}\u00bb][vc_column][vc_single_image image=\u00bb1300&#8243; img_size=\u00bbfull\u00bb alignment=\u00bbcenter\u00bb onclick=\u00bbcustom_link\u00bb css_animation=\u00bbfadeIn\u00bb el_class=\u00bbsign-internal\u00bb][vc_column_text el_class=\u00bbinternal-title-sign\u00bb]<\/p>\n<h3 style=\"text-align: center;\">El Mono en la astrolog\u00eda China<\/h3>\n<p>Las personas nacidas durante los a\u00f1os siguientes\u00a0 Mono: 1932, 1944, 1968, 1980, 1992, 2004, 2016, 2028[\/vc_column_text][vc_column_text el_class=\u00bbsign-internal-text\u00bb]Insaciablemente curiosos, los monos probar\u00e1n cualquier cosa una vez. \u00c1vido de aprender nuevas habilidades, un mono lo realizar\u00e1 entusiastamente una y otra vez hasta que lo domine. Esto da cr\u00e9dito a la frase, \u201cEl mono ve, el mono hace\u201d. Tambi\u00e9n, los monos son intensamente competitivos. Crean de su misi\u00f3n hacer cosas mejor que cualquier otro. El fracaso no est\u00e1 en el vocabulario del mono. Extremadamente inteligente, h\u00e1bil e innovador, la persona mono sobresaldr\u00e1 en cualquier campo. Realmente cree que es \u201cel pl\u00e1tano de arriba\u201d. Por el lado negativo, les es dif\u00edcil confiar. Tienden a ser demasiado cuadrados acerca de cualquier cosa.<\/p>\n<p>Es el signo del inversor, improvisador y motivador, capaz de atraer a todos hacia s\u00ed con astucia y encanto. Inteligente, flexible e innovador, resuelve los problemas m\u00e1s complejos con desenvoltura. Puede ser tambi\u00e9n muy ego\u00edsta, vanidoso y competitivo, sabe esconder sus sentimientos y planificar h\u00e1bilmente movidas astutas. Tiene el raro don de caer simp\u00e1tico incluso despu\u00e9s que nos ha estafado.[\/vc_column_text][\/vc_column][\/vc_row][\/vc_section]<\/p>\n","protected":false},"excerpt":{"rendered":"<p>[vc_section full_height=\u00bbyes\u00bb el_class=\u00bbmain-content\u00bb css=\u00bb.vc_custom_1603055857839{background-position: center !important;background-repeat: no-repeat !important;background-size: cover !important;}\u00bb][vc_row full_width=\u00bbstretch_row\u00bb content_placement=\u00bbmiddle\u00bb css=\u00bb.vc_custom_1602818702129{background-position: center !important;background-repeat: no-repeat !important;background-size: cover !important;}\u00bb][vc_column][vc_single_image image=\u00bb1300&#8243; img_size=\u00bbfull\u00bb alignment=\u00bbcenter\u00bb onclick=\u00bbcustom_link\u00bb css_animation=\u00bbfadeIn\u00bb el_class=\u00bbsign-internal\u00bb][vc_column_text el_class=\u00bbinternal-title-sign\u00bb] El Mono en la astrolog\u00eda China Las personas nacidas durante los a\u00f1os siguientes\u00a0 Mono: 1932, 1944, 1968, 1980, 1992, 2004, 2016, 2028[\/vc_column_text][vc_column_text el_class=\u00bbsign-internal-text\u00bb]Insaciablemente curiosos, los monos probar\u00e1n cualquier cosa [&hellip;]<\/p>\n","protected":false},"author":1,"featured_media":0,"parent":0,"menu_order":0,"comment_status":"closed","ping_status":"open","template":"","meta":{"ocean_post_layout":"","ocean_both_sidebars_style":"","ocean_both_sidebars_content_width":0,"ocean_both_sidebars_sidebars_width":0,"ocean_sidebar":"0","ocean_second_sidebar":"0","ocean_disable_margins":"enable","ocean_add_body_class":"","ocean_shortcode_before_top_bar":"","ocean_shortcode_after_top_bar":"","ocean_shortcode_before_header":"","ocean_shortcode_after_header":"","ocean_has_shortcode":"","ocean_shortcode_after_title":"","ocean_shortcode_before_footer_widgets":"","ocean_shortcode_after_footer_widgets":"","ocean_shortcode_before_footer_bottom":"","ocean_shortcode_after_footer_bottom":"","ocean_display_top_bar":"default","ocean_display_header":"default","ocean_header_style":"","ocean_center_header_left_menu":"0","ocean_custom_header_template":"0","ocean_custom_logo":0,"ocean_custom_retina_logo":0,"ocean_custom_logo_max_width":0,"ocean_custom_logo_tablet_max_width":0,"ocean_custom_logo_mobile_max_width":0,"ocean_custom_logo_max_height":0,"ocean_custom_logo_tablet_max_height":0,"ocean_custom_logo_mobile_max_height":0,"ocean_header_custom_menu":"0","ocean_menu_typo_font_family":"0","ocean_menu_typo_font_subset":"","ocean_menu_typo_font_size":0,"ocean_menu_typo_font_size_tablet":0,"ocean_menu_typo_font_size_mobile":0,"ocean_menu_typo_font_size_unit":"px","ocean_menu_typo_font_weight":"","ocean_menu_typo_font_weight_tablet":"","ocean_menu_typo_font_weight_mobile":"","ocean_menu_typo_transform":"","ocean_menu_typo_transform_tablet":"","ocean_menu_typo_transform_mobile":"","ocean_menu_typo_line_height":0,"ocean_menu_typo_line_height_tablet":0,"ocean_menu_typo_line_height_mobile":0,"ocean_menu_typo_line_height_unit":"","ocean_menu_typo_spacing":0,"ocean_menu_typo_spacing_tablet":0,"ocean_menu_typo_spacing_mobile":0,"ocean_menu_typo_spacing_unit":"","ocean_menu_link_color":"","ocean_menu_link_color_hover":"","ocean_menu_link_color_active":"","ocean_menu_link_background":"","ocean_menu_link_hover_background":"","ocean_menu_link_active_background":"","ocean_menu_social_links_bg":"","ocean_menu_social_hover_links_bg":"","ocean_menu_social_links_color":"","ocean_menu_social_hover_links_color":"","ocean_disable_title":"default","ocean_disable_heading":"default","ocean_post_title":"","ocean_post_subheading":"","ocean_post_title_style":"","ocean_post_title_background_color":"","ocean_post_title_background":0,"ocean_post_title_bg_image_position":"","ocean_post_title_bg_image_attachment":"","ocean_post_title_bg_image_repeat":"","ocean_post_title_bg_image_size":"","ocean_post_title_height":0,"ocean_post_title_bg_overlay":0.5,"ocean_post_title_bg_overlay_color":"","ocean_disable_breadcrumbs":"default","ocean_breadcrumbs_color":"","ocean_breadcrumbs_separator_color":"","ocean_breadcrumbs_links_color":"","ocean_breadcrumbs_links_hover_color":"","ocean_display_footer_widgets":"default","ocean_display_footer_bottom":"default","ocean_custom_footer_template":"0","footnotes":""},"class_list":["post-1330","page","type-page","status-publish","hentry","entry"],"ams_acf":[],"_links":{"self":[{"href":"https:\/\/www.exitomobile.com.uy\/horoscopo-uy\/wp-json\/wp\/v2\/pages\/1330","targetHints":{"allow":["GET"]}}],"collection":[{"href":"https:\/\/www.exitomobile.com.uy\/horoscopo-uy\/wp-json\/wp\/v2\/pages"}],"about":[{"href":"https:\/\/www.exitomobile.com.uy\/horoscopo-uy\/wp-json\/wp\/v2\/types\/page"}],"author":[{"embeddable":true,"href":"https:\/\/www.exitomobile.com.uy\/horoscopo-uy\/wp-json\/wp\/v2\/users\/1"}],"replies":[{"embeddable":true,"href":"https:\/\/www.exitomobile.com.uy\/horoscopo-uy\/wp-json\/wp\/v2\/comments?post=1330"}],"version-history":[{"count":0,"href":"https:\/\/www.exitomobile.com.uy\/horoscopo-uy\/wp-json\/wp\/v2\/pages\/1330\/revisions"}],"wp:attachment":[{"href":"https:\/\/www.exitomobile.com.uy\/horoscopo-uy\/wp-json\/wp\/v2\/media?parent=1330"}],"curies":[{"name":"wp","href":"https:\/\/api.w.org\/{rel}","templated":true}]}}