{"id":1328,"date":"2021-10-29T09:03:55","date_gmt":"2021-10-29T12:03:55","guid":{"rendered":"https:\/\/www.exitomobile.com.uy\/horoscopo-uy\/?page_id=1328"},"modified":"2021-10-29T09:03:55","modified_gmt":"2021-10-29T12:03:55","slug":"cabra-2","status":"publish","type":"page","link":"https:\/\/www.exitomobile.com.uy\/horoscopo-uy\/cabra-2\/","title":{"rendered":"cabra"},"content":{"rendered":"<p>[vc_section full_height=\u00bbyes\u00bb el_class=\u00bbmain-content\u00bb css=\u00bb.vc_custom_1603055857839{background-position: center !important;background-repeat: no-repeat !important;background-size: cover !important;}\u00bb][vc_row full_width=\u00bbstretch_row\u00bb content_placement=\u00bbmiddle\u00bb css=\u00bb.vc_custom_1602818702129{background-position: center !important;background-repeat: no-repeat !important;background-size: cover !important;}\u00bb][vc_column][vc_single_image image=\u00bb1295&#8243; img_size=\u00bbfull\u00bb alignment=\u00bbcenter\u00bb onclick=\u00bbcustom_link\u00bb css_animation=\u00bbfadeIn\u00bb el_class=\u00bbsign-internal\u00bb][vc_column_text el_class=\u00bbinternal-title-sign\u00bb]<\/p>\n<h3 style=\"text-align: center;\">La Cabra en la astrolog\u00eda China<\/h3>\n<p style=\"text-align: center;\">Eres del signo cabra si naciste en alguno de estos a\u00f1os: 1919, 1931, 1943, 1955, 1967, 1979, 1991, 2003, 2015, 2027.<\/p>\n<p>[\/vc_column_text][vc_column_text el_class=\u00bbsign-internal-text\u00bb]Los chinos la relacionan con los monjes, por su tendencia al aislamiento. Los de su signo son amables e inteligentes, poseen un sentido art\u00edstico innato, pero son inconstantes, gustan de la buena vida y la belleza. Son elegantes y generosos.Tienen poca autoestima y tienden a vivir de los dem\u00e1s. Son dados al esoterismo y f\u00e1cilmente caen en manos de sectas. Carecen de sentido de la responsabilidad. Poseen habilidad manual. No congenian con los dem\u00e1s signos del zodiaco, menos con buey.<\/p>\n<p>Casi siempre apacible y t\u00edmida. Tiene un esp\u00edritu art\u00edstico y creativo; pero tambi\u00e9n puede volverse pesimista y cerrada. No soporta ni la excesiva disciplina ni las cr\u00edticas. Tiene un humor variable y le es imposible trabajar bajo presi\u00f3n. Ama a los ni\u00f1os y a los animales, le gusta la naturaleza y es muy apegada a la familia. A donde vaya, encontrar\u00e1 personas que la ayuden. Nunca le faltan comida, refugio y vestido.[\/vc_column_text][\/vc_column][\/vc_row][\/vc_section]<\/p>\n","protected":false},"excerpt":{"rendered":"<p>[vc_section full_height=\u00bbyes\u00bb el_class=\u00bbmain-content\u00bb css=\u00bb.vc_custom_1603055857839{background-position: center !important;background-repeat: no-repeat !important;background-size: cover !important;}\u00bb][vc_row full_width=\u00bbstretch_row\u00bb content_placement=\u00bbmiddle\u00bb css=\u00bb.vc_custom_1602818702129{background-position: center !important;background-repeat: no-repeat !important;background-size: cover !important;}\u00bb][vc_column][vc_single_image image=\u00bb1295&#8243; img_size=\u00bbfull\u00bb alignment=\u00bbcenter\u00bb onclick=\u00bbcustom_link\u00bb css_animation=\u00bbfadeIn\u00bb el_class=\u00bbsign-internal\u00bb][vc_column_text el_class=\u00bbinternal-title-sign\u00bb] La Cabra en la astrolog\u00eda China Eres del signo cabra si naciste en alguno de estos a\u00f1os: 1919, 1931, 1943, 1955, 1967, 1979, 1991, 2003, 2015, 2027. [\/vc_column_text][vc_column_text el_class=\u00bbsign-internal-text\u00bb]Los [&hellip;]<\/p>\n","protected":false},"author":1,"featured_media":0,"parent":0,"menu_order":0,"comment_status":"closed","ping_status":"open","template":"","meta":{"ocean_post_layout":"","ocean_both_sidebars_style":"","ocean_both_sidebars_content_width":0,"ocean_both_sidebars_sidebars_width":0,"ocean_sidebar":"0","ocean_second_sidebar":"0","ocean_disable_margins":"enable","ocean_add_body_class":"","ocean_shortcode_before_top_bar":"","ocean_shortcode_after_top_bar":"","ocean_shortcode_before_header":"","ocean_shortcode_after_header":"","ocean_has_shortcode":"","ocean_shortcode_after_title":"","ocean_shortcode_before_footer_widgets":"","ocean_shortcode_after_footer_widgets":"","ocean_shortcode_before_footer_bottom":"","ocean_shortcode_after_footer_bottom":"","ocean_display_top_bar":"default","ocean_display_header":"default","ocean_header_style":"","ocean_center_header_left_menu":"0","ocean_custom_header_template":"0","ocean_custom_logo":0,"ocean_custom_retina_logo":0,"ocean_custom_logo_max_width":0,"ocean_custom_logo_tablet_max_width":0,"ocean_custom_logo_mobile_max_width":0,"ocean_custom_logo_max_height":0,"ocean_custom_logo_tablet_max_height":0,"ocean_custom_logo_mobile_max_height":0,"ocean_header_custom_menu":"0","ocean_menu_typo_font_family":"0","ocean_menu_typo_font_subset":"","ocean_menu_typo_font_size":0,"ocean_menu_typo_font_size_tablet":0,"ocean_menu_typo_font_size_mobile":0,"ocean_menu_typo_font_size_unit":"px","ocean_menu_typo_font_weight":"","ocean_menu_typo_font_weight_tablet":"","ocean_menu_typo_font_weight_mobile":"","ocean_menu_typo_transform":"","ocean_menu_typo_transform_tablet":"","ocean_menu_typo_transform_mobile":"","ocean_menu_typo_line_height":0,"ocean_menu_typo_line_height_tablet":0,"ocean_menu_typo_line_height_mobile":0,"ocean_menu_typo_line_height_unit":"","ocean_menu_typo_spacing":0,"ocean_menu_typo_spacing_tablet":0,"ocean_menu_typo_spacing_mobile":0,"ocean_menu_typo_spacing_unit":"","ocean_menu_link_color":"","ocean_menu_link_color_hover":"","ocean_menu_link_color_active":"","ocean_menu_link_background":"","ocean_menu_link_hover_background":"","ocean_menu_link_active_background":"","ocean_menu_social_links_bg":"","ocean_menu_social_hover_links_bg":"","ocean_menu_social_links_color":"","ocean_menu_social_hover_links_color":"","ocean_disable_title":"default","ocean_disable_heading":"default","ocean_post_title":"","ocean_post_subheading":"","ocean_post_title_style":"","ocean_post_title_background_color":"","ocean_post_title_background":0,"ocean_post_title_bg_image_position":"","ocean_post_title_bg_image_attachment":"","ocean_post_title_bg_image_repeat":"","ocean_post_title_bg_image_size":"","ocean_post_title_height":0,"ocean_post_title_bg_overlay":0.5,"ocean_post_title_bg_overlay_color":"","ocean_disable_breadcrumbs":"default","ocean_breadcrumbs_color":"","ocean_breadcrumbs_separator_color":"","ocean_breadcrumbs_links_color":"","ocean_breadcrumbs_links_hover_color":"","ocean_display_footer_widgets":"default","ocean_display_footer_bottom":"default","ocean_custom_footer_template":"0","footnotes":""},"class_list":["post-1328","page","type-page","status-publish","hentry","entry"],"ams_acf":[],"_links":{"self":[{"href":"https:\/\/www.exitomobile.com.uy\/horoscopo-uy\/wp-json\/wp\/v2\/pages\/1328","targetHints":{"allow":["GET"]}}],"collection":[{"href":"https:\/\/www.exitomobile.com.uy\/horoscopo-uy\/wp-json\/wp\/v2\/pages"}],"about":[{"href":"https:\/\/www.exitomobile.com.uy\/horoscopo-uy\/wp-json\/wp\/v2\/types\/page"}],"author":[{"embeddable":true,"href":"https:\/\/www.exitomobile.com.uy\/horoscopo-uy\/wp-json\/wp\/v2\/users\/1"}],"replies":[{"embeddable":true,"href":"https:\/\/www.exitomobile.com.uy\/horoscopo-uy\/wp-json\/wp\/v2\/comments?post=1328"}],"version-history":[{"count":0,"href":"https:\/\/www.exitomobile.com.uy\/horoscopo-uy\/wp-json\/wp\/v2\/pages\/1328\/revisions"}],"wp:attachment":[{"href":"https:\/\/www.exitomobile.com.uy\/horoscopo-uy\/wp-json\/wp\/v2\/media?parent=1328"}],"curies":[{"name":"wp","href":"https:\/\/api.w.org\/{rel}","templated":true}]}}